{"id":1980,"date":"2023-09-11T15:02:02","date_gmt":"2023-09-11T15:02:02","guid":{"rendered":"https:\/\/tagliamento.org\/informazione-legale\/"},"modified":"2025-11-22T10:10:33","modified_gmt":"2025-11-22T10:10:33","slug":"informazione-legale","status":"publish","type":"page","link":"https:\/\/tagliamento.org\/it\/informazione-legale\/","title":{"rendered":"Informazione legale"},"content":{"rendered":"<div class=\"block-wrapper block-wrapper--paragraph\"><div class=\"container\">\n<p>La fondazione ambientale WWF Germania \u00e8 una fondazione di diritto civile con capacit\u00e0 giuridica con sede a Berlino. La fondazione si chiama &#8220;WWF Germania&#8221;. L&#8217;abbreviazione WWF sta per &#8220;World Wide Fund For Nature&#8221;, in tedesco &#8220;Welt-Naturstiftung&#8221;. La fondazione \u00e8 riconosciuta come organizzazione senza scopo di lucro.<\/p>\n<\/div><\/div><div class=\"block-wrapper block-wrapper--paragraph\"><div class=\"container\">\n<p><strong>Publisher<\/strong><br\/>WWF Germany<br\/>Reinhardtstr. 18<br\/>10117 Berlin<br\/><br\/>Phone: 030 311777-0<br\/>Fax: 030 311777-199<br\/>E-mail: info[at]wwf.de<\/p>\n<\/div><\/div><div class=\"block-wrapper block-wrapper--paragraph\"><div class=\"container\">\n<p><strong>Managing Commitee<br\/><\/strong>Selvi Naidu, Meike Rothsch\u00e4dl, Kathrin Samson, Heike Vesper<\/p>\n<\/div><\/div><div class=\"block-wrapper block-wrapper--paragraph\"><div class=\"container\">\n<p><strong>State supervisory authority<br\/><\/strong>Senate Administration for Justice \u2013 Senatsverwaltung f\u00fcr Justiz Berlin, Az: 3416\/976\/2<br\/>Value Added Tax Identifiation\/ Umsatzsteuer-Identifikationsnummer gem\u00e4\u00df \u00a7 27 a <br\/>Umsatzsteuer-ID: DE 114236103<br\/>Steuernummer: 27\/641\/09321<\/p>\n<\/div><\/div><div class=\"block-wrapper block-wrapper--paragraph\"><div class=\"container\">\n<p><strong><strong>Responsabile del contenuto ai sensi del \u00a7 55 Abs. 2 RstV<\/strong><\/strong><br\/><strong><br\/>Dr. Chiara Scaini, PhD<\/strong><br\/>National Institute of Oceanography and Applied Geophysics &#8211; OGS<br\/>Via Treviso 55<br\/>33100 Udine (Italy)<br\/><a href=\"https:\/\/eur04.safelinks.protection.outlook.com\/?url=http%3A%2F%2Fwww.ogs.it%2F&amp;data=05%7C01%7CMelanie.Wendland%40wwf.de%7C743f279f75e4481ba0cf08dbeaa10375%7C06adf4349aae4c878a6a0b06ba0813d8%7C1%7C0%7C638361749500876268%7CUnknown%7CTWFpbGZsb3d8eyJWIjoiMC4wLjAwMDAiLCJQIjoiV2luMzIiLCJBTiI6Ik1haWwiLCJXVCI6Mn0%3D%7C3000%7C%7C%7C&amp;sdata=GJEsPDpTeeaqVNBrFXvEkGjRmw8h0yUC5aJWhd%2By2jY%3D&amp;reserved=0\">www.ogs.it<\/a><\/p>\n<\/div><\/div><div class=\"block-wrapper block-wrapper--paragraph\"><div class=\"container\">\n<p><strong>Dr. Anna Scaini, PhD<\/strong><br\/>Department of Physical geography and Bolin Centre for Climate Research<br\/>Stockholm University<br\/>Svante Arrhenius v\u00e4g 8<br\/>106 91 Stockholm (Sweden)<\/p>\n<\/div><\/div><div class=\"block-wrapper block-wrapper--paragraph\"><div class=\"container\">\n<p><strong>Conception, design and development<\/strong><br\/>The Berlin design agency LAUDO creates outstanding ecosystems, identities and websites for digital products and concise <a href=\"https:\/\/lau.do\/en\/branding-agency\/\">brandings<\/a> for leading brands. The services of the <a href=\"https:\/\/lau.do\/en\/webdesign-berlin\/\">web design agency<\/a> range from in-depth <a href=\"https:\/\/lau.do\/en\/seo-consulting-berlin\/\">SEO consulting<\/a> and <a href=\"https:\/\/lau.do\/en\/website-relaunch-workshop\/\">website relaunch workshops<\/a> to the realization of professional and unique <a href=\"https:\/\/lau.do\/en\/branding-workshop\/\">corporate presences<\/a> <br\/><br\/>LAUDO Design Agency GmbH<br\/>Erkelenzdamm 59-61<br\/>10999 Berlin<br\/><a href=\"https:\/\/www.lau.do\">www.lau.do<\/a><\/p>\n<\/div><\/div><div class=\"block-wrapper block-wrapper--paragraph\"><div class=\"container\">\n<p><\/p>\n<\/div><\/div><div class=\"block-wrapper block-wrapper--paragraph\"><div class=\"container\">\n<p>Il WWF Germania dichiara espressamente che, al momento del collegamento, non sono stati rilevati contenuti illegali sulle pagine da collegare. Il WWF non ha alcuna influenza sulla struttura e sui contenuti attuali e futuri delle pagine web collegate.<\/p>\n<\/div><\/div><div class=\"block-wrapper block-wrapper--paragraph\"><div class=\"container\">\n<p>Pertanto, l&#8217;autore si dissocia esplicitamente da tutte le modifiche relative ai contenuti delle pagine collegate, apportate dopo la creazione del link. Questa dichiarazione \u00e8 valida per tutti i link e i riferimenti all&#8217;interno del sito web.<\/p>\n<\/div><\/div><div class=\"block-wrapper block-wrapper--paragraph\"><div class=\"container\">\n<p>Per i contenuti illegali, errati o incompleti e in particolare per i danni derivanti dall&#8217;utilizzo o dal mancato utilizzo di tali informazioni, la responsabilit\u00e0 \u00e8 esclusivamente del fornitore del link e non della persona che si \u00e8 limitata a collegarsi alla rispettiva pubblicazione.<\/p>\n<\/div><\/div>","protected":false},"excerpt":{"rendered":"<p>La fondazione ambientale WWF Germania \u00e8 una fondazione di diritto civile con capacit\u00e0 giuridica con sede a Berlino. La fondazione si chiama &#8220;WWF Germania&#8221;. L&#8217;abbreviazione WWF sta per &#8220;World Wide Fund For Nature&#8221;, in tedesco &#8220;Welt-Naturstiftung&#8221;. La fondazione \u00e8 riconosciuta come organizzazione senza scopo di lucro. PublisherWWF GermanyReinhardtstr. 1810117 Berlin Phone: 030 311777-0Fax: 030 311777-199E-mail: [&hellip;]<\/p>\n","protected":false},"author":2,"featured_media":0,"parent":0,"menu_order":0,"comment_status":"closed","ping_status":"closed","template":"","meta":{"_acf_changed":false,"footnotes":""},"class_list":["post-1980","page","type-page","status-publish","hentry"],"acf":[],"yoast_head":"<!-- This site is optimized with the Yoast SEO plugin v27.4 - https:\/\/yoast.com\/product\/yoast-seo-wordpress\/ -->\n<title>Informazione legale - WWF Tagliamento<\/title>\n<meta name=\"robots\" content=\"index, follow, max-snippet:-1, max-image-preview:large, max-video-preview:-1\" \/>\n<link rel=\"canonical\" href=\"https:\/\/tagliamento.org\/it\/informazione-legale\/\" \/>\n<meta property=\"og:locale\" content=\"it_IT\" \/>\n<meta property=\"og:type\" content=\"article\" \/>\n<meta property=\"og:title\" content=\"Informazione legale - WWF Tagliamento\" \/>\n<meta property=\"og:description\" content=\"La fondazione ambientale WWF Germania \u00e8 una fondazione di diritto civile con capacit\u00e0 giuridica con sede a Berlino. La fondazione si chiama &#8220;WWF Germania&#8221;. L&#8217;abbreviazione WWF sta per &#8220;World Wide Fund For Nature&#8221;, in tedesco &#8220;Welt-Naturstiftung&#8221;. La fondazione \u00e8 riconosciuta come organizzazione senza scopo di lucro. PublisherWWF GermanyReinhardtstr. 1810117 Berlin Phone: 030 311777-0Fax: 030 311777-199E-mail: [&hellip;]\" \/>\n<meta property=\"og:url\" content=\"https:\/\/tagliamento.org\/it\/informazione-legale\/\" \/>\n<meta property=\"og:site_name\" content=\"WWF Tagliamento\" \/>\n<meta property=\"article:modified_time\" content=\"2025-11-22T10:10:33+00:00\" \/>\n<meta property=\"og:image\" content=\"https:\/\/tagliamento.org\/wp-content\/uploads\/2025\/01\/Bildschirmfoto-2025-01-10-um-21.19.58.png\" \/>\n\t<meta property=\"og:image:width\" content=\"1241\" \/>\n\t<meta property=\"og:image:height\" content=\"641\" \/>\n\t<meta property=\"og:image:type\" content=\"image\/png\" \/>\n<meta name=\"twitter:card\" content=\"summary_large_image\" \/>\n<meta name=\"twitter:label1\" content=\"Tempo di lettura stimato\" \/>\n\t<meta name=\"twitter:data1\" content=\"2 minuti\" \/>\n<script type=\"application\/ld+json\" class=\"yoast-schema-graph\">{\"@context\":\"https:\\\/\\\/schema.org\",\"@graph\":[{\"@type\":\"WebPage\",\"@id\":\"https:\\\/\\\/tagliamento.org\\\/it\\\/informazione-legale\\\/\",\"url\":\"https:\\\/\\\/tagliamento.org\\\/it\\\/informazione-legale\\\/\",\"name\":\"Informazione legale - WWF Tagliamento\",\"isPartOf\":{\"@id\":\"https:\\\/\\\/tagliamento.org\\\/it\\\/#website\"},\"datePublished\":\"2023-09-11T15:02:02+00:00\",\"dateModified\":\"2025-11-22T10:10:33+00:00\",\"breadcrumb\":{\"@id\":\"https:\\\/\\\/tagliamento.org\\\/it\\\/informazione-legale\\\/#breadcrumb\"},\"inLanguage\":\"it-IT\",\"potentialAction\":[{\"@type\":\"ReadAction\",\"target\":[\"https:\\\/\\\/tagliamento.org\\\/it\\\/informazione-legale\\\/\"]}]},{\"@type\":\"BreadcrumbList\",\"@id\":\"https:\\\/\\\/tagliamento.org\\\/it\\\/informazione-legale\\\/#breadcrumb\",\"itemListElement\":[{\"@type\":\"ListItem\",\"position\":1,\"name\":\"Home\",\"item\":\"https:\\\/\\\/tagliamento.org\\\/it\\\/\"},{\"@type\":\"ListItem\",\"position\":2,\"name\":\"Informazione legale\"}]},{\"@type\":\"WebSite\",\"@id\":\"https:\\\/\\\/tagliamento.org\\\/it\\\/#website\",\"url\":\"https:\\\/\\\/tagliamento.org\\\/it\\\/\",\"name\":\"WWF Tagliamento\",\"description\":\"\",\"potentialAction\":[{\"@type\":\"SearchAction\",\"target\":{\"@type\":\"EntryPoint\",\"urlTemplate\":\"https:\\\/\\\/tagliamento.org\\\/it\\\/?s={search_term_string}\"},\"query-input\":{\"@type\":\"PropertyValueSpecification\",\"valueRequired\":true,\"valueName\":\"search_term_string\"}}],\"inLanguage\":\"it-IT\"}]}<\/script>\n<!-- \/ Yoast SEO plugin. -->","yoast_head_json":{"title":"Informazione legale - WWF Tagliamento","robots":{"index":"index","follow":"follow","max-snippet":"max-snippet:-1","max-image-preview":"max-image-preview:large","max-video-preview":"max-video-preview:-1"},"canonical":"https:\/\/tagliamento.org\/it\/informazione-legale\/","og_locale":"it_IT","og_type":"article","og_title":"Informazione legale - WWF Tagliamento","og_description":"La fondazione ambientale WWF Germania \u00e8 una fondazione di diritto civile con capacit\u00e0 giuridica con sede a Berlino. La fondazione si chiama &#8220;WWF Germania&#8221;. L&#8217;abbreviazione WWF sta per &#8220;World Wide Fund For Nature&#8221;, in tedesco &#8220;Welt-Naturstiftung&#8221;. La fondazione \u00e8 riconosciuta come organizzazione senza scopo di lucro. PublisherWWF GermanyReinhardtstr. 1810117 Berlin Phone: 030 311777-0Fax: 030 311777-199E-mail: [&hellip;]","og_url":"https:\/\/tagliamento.org\/it\/informazione-legale\/","og_site_name":"WWF Tagliamento","article_modified_time":"2025-11-22T10:10:33+00:00","og_image":[{"width":1241,"height":641,"url":"https:\/\/tagliamento.org\/wp-content\/uploads\/2025\/01\/Bildschirmfoto-2025-01-10-um-21.19.58.png","type":"image\/png"}],"twitter_card":"summary_large_image","twitter_misc":{"Tempo di lettura stimato":"2 minuti"},"schema":{"@context":"https:\/\/schema.org","@graph":[{"@type":"WebPage","@id":"https:\/\/tagliamento.org\/it\/informazione-legale\/","url":"https:\/\/tagliamento.org\/it\/informazione-legale\/","name":"Informazione legale - WWF Tagliamento","isPartOf":{"@id":"https:\/\/tagliamento.org\/it\/#website"},"datePublished":"2023-09-11T15:02:02+00:00","dateModified":"2025-11-22T10:10:33+00:00","breadcrumb":{"@id":"https:\/\/tagliamento.org\/it\/informazione-legale\/#breadcrumb"},"inLanguage":"it-IT","potentialAction":[{"@type":"ReadAction","target":["https:\/\/tagliamento.org\/it\/informazione-legale\/"]}]},{"@type":"BreadcrumbList","@id":"https:\/\/tagliamento.org\/it\/informazione-legale\/#breadcrumb","itemListElement":[{"@type":"ListItem","position":1,"name":"Home","item":"https:\/\/tagliamento.org\/it\/"},{"@type":"ListItem","position":2,"name":"Informazione legale"}]},{"@type":"WebSite","@id":"https:\/\/tagliamento.org\/it\/#website","url":"https:\/\/tagliamento.org\/it\/","name":"WWF Tagliamento","description":"","potentialAction":[{"@type":"SearchAction","target":{"@type":"EntryPoint","urlTemplate":"https:\/\/tagliamento.org\/it\/?s={search_term_string}"},"query-input":{"@type":"PropertyValueSpecification","valueRequired":true,"valueName":"search_term_string"}}],"inLanguage":"it-IT"}]}},"_links":{"self":[{"href":"https:\/\/tagliamento.org\/it\/wp-json\/wp\/v2\/pages\/1980","targetHints":{"allow":["GET"]}}],"collection":[{"href":"https:\/\/tagliamento.org\/it\/wp-json\/wp\/v2\/pages"}],"about":[{"href":"https:\/\/tagliamento.org\/it\/wp-json\/wp\/v2\/types\/page"}],"author":[{"embeddable":true,"href":"https:\/\/tagliamento.org\/it\/wp-json\/wp\/v2\/users\/2"}],"replies":[{"embeddable":true,"href":"https:\/\/tagliamento.org\/it\/wp-json\/wp\/v2\/comments?post=1980"}],"version-history":[{"count":4,"href":"https:\/\/tagliamento.org\/it\/wp-json\/wp\/v2\/pages\/1980\/revisions"}],"predecessor-version":[{"id":4070,"href":"https:\/\/tagliamento.org\/it\/wp-json\/wp\/v2\/pages\/1980\/revisions\/4070"}],"wp:attachment":[{"href":"https:\/\/tagliamento.org\/it\/wp-json\/wp\/v2\/media?parent=1980"}],"curies":[{"name":"wp","href":"https:\/\/api.w.org\/{rel}","templated":true}]}}