{"id":2249,"date":"2025-08-25T15:52:40","date_gmt":"2025-08-25T15:52:40","guid":{"rendered":"https:\/\/tagliamento.org\/?page_id=2249"},"modified":"2024-01-29T13:03:16","modified_gmt":"2024-01-29T13:03:16","slug":"agire-2","status":"publish","type":"page","link":"https:\/\/tagliamento.org\/it\/agire-2\/","title":{"rendered":"Agire"},"content":{"rendered":"\n\n  <section class=\"section section--no-padding bg hero hero--full-width\">\n\n      <div class=\"swiper-container hero__slider\" data-speed=\"500\">\n        <div class=\"swiper-wrapper hero__slider-wrapper\">\n\n          \n            <div class=\"swiper-slide slider__slide hero__slide bg bg--caribbean\">\n              <div class=\"container\">\n                                  <img loading=\"lazy\" data-src=\"https:\/\/tagliamento.org\/wp-content\/uploads\/2023\/10\/DJI_0208-1024x683.jpg\" data-srcset=\"https:\/\/tagliamento.org\/wp-content\/uploads\/2023\/10\/DJI_0208-1620x1080.jpg 1920w, https:\/\/tagliamento.org\/wp-content\/uploads\/2023\/10\/DJI_0208-1350x900.jpg 1600w, https:\/\/tagliamento.org\/wp-content\/uploads\/2023\/10\/DJI_0208-1152x768.jpg 1366w, https:\/\/tagliamento.org\/wp-content\/uploads\/2023\/10\/DJI_0208-864x576.jpg 1024w, https:\/\/tagliamento.org\/wp-content\/uploads\/2023\/10\/DJI_0208-648x432.jpg 768w, https:\/\/tagliamento.org\/wp-content\/uploads\/2023\/10\/DJI_0208-464x309.jpg 550w\" class=\"hero__slide-image\" alt=\"Credits: Giosu\u00e8 Cuccurullo\" title=\"Credits: Giosu\u00e8 Cuccurullo\"  width=\"1024\"  height=\"683\">                \n                <div class=\"hero__wrapper\">\n                  <div class=\"hero__slide-content\">\n                                          <h2 class=\"hero__heading h1 launimation slideBottom\">Agire<\/h2>\n                    \n                                          <h3 class=\"hero__subheading launimation slideBottom\">Proteggi il Tagliamento<\/h3>\n                    \n                    <div class=\"hero__slide-buttons launimation slideBottom\">\n                                          <\/div>\n                  <\/div>\n\n                                    <figcaption>Credits: Giosu\u00e8 Cuccurullo<\/figcaption>                <\/div><!-- hero__wrapper -->\n                \n              <\/div><!-- container -->\n            <\/div><!-- slide -->\n          \n            <div class=\"swiper-slide slider__slide hero__slide bg bg--none\">\n              <div class=\"container\">\n                                  <img loading=\"lazy\" data-src=\"https:\/\/tagliamento.org\/wp-content\/uploads\/2023\/10\/DJI_0208-1024x683.jpg\" data-srcset=\"https:\/\/tagliamento.org\/wp-content\/uploads\/2023\/10\/DJI_0208-1620x1080.jpg 1920w, https:\/\/tagliamento.org\/wp-content\/uploads\/2023\/10\/DJI_0208-1350x900.jpg 1600w, https:\/\/tagliamento.org\/wp-content\/uploads\/2023\/10\/DJI_0208-1152x768.jpg 1366w, https:\/\/tagliamento.org\/wp-content\/uploads\/2023\/10\/DJI_0208-864x576.jpg 1024w, https:\/\/tagliamento.org\/wp-content\/uploads\/2023\/10\/DJI_0208-648x432.jpg 768w, https:\/\/tagliamento.org\/wp-content\/uploads\/2023\/10\/DJI_0208-464x309.jpg 550w\" class=\"hero__slide-image\" alt=\"Credits: Giosu\u00e8 Cuccurullo\" title=\"Credits: Giosu\u00e8 Cuccurullo\"  width=\"1024\"  height=\"683\">                \n                <div class=\"hero__wrapper\">\n                  <div class=\"hero__slide-content\">\n                    \n                    \n                    <div class=\"hero__slide-buttons launimation slideBottom\">\n                                          <\/div>\n                  <\/div>\n\n                                    <figcaption>Credits: Giosu\u00e8 Cuccurullo<\/figcaption>                <\/div><!-- hero__wrapper -->\n                \n              <\/div><!-- container -->\n            <\/div><!-- slide -->\n          \n            <div class=\"swiper-slide slider__slide hero__slide bg bg--none\">\n              <div class=\"container\">\n                                  <img loading=\"lazy\" data-src=\"https:\/\/tagliamento.org\/wp-content\/uploads\/2023\/10\/DJI_0213-1024x683.jpg\" data-srcset=\"https:\/\/tagliamento.org\/wp-content\/uploads\/2023\/10\/DJI_0213-1620x1080.jpg 1920w, https:\/\/tagliamento.org\/wp-content\/uploads\/2023\/10\/DJI_0213-1350x900.jpg 1600w, https:\/\/tagliamento.org\/wp-content\/uploads\/2023\/10\/DJI_0213-1152x768.jpg 1366w, https:\/\/tagliamento.org\/wp-content\/uploads\/2023\/10\/DJI_0213-864x576.jpg 1024w, https:\/\/tagliamento.org\/wp-content\/uploads\/2023\/10\/DJI_0213-648x432.jpg 768w, https:\/\/tagliamento.org\/wp-content\/uploads\/2023\/10\/DJI_0213-464x309.jpg 550w\" class=\"hero__slide-image\" alt=\"Credits: Giosu\u00e8 Cuccurullo\" title=\"Credits: Giosu\u00e8 Cuccurullo\"  width=\"1024\"  height=\"683\">                \n                <div class=\"hero__wrapper\">\n                  <div class=\"hero__slide-content\">\n                    \n                    \n                    <div class=\"hero__slide-buttons launimation slideBottom\">\n                                          <\/div>\n                  <\/div>\n\n                                    <figcaption>Credits: Giosu\u00e8 Cuccurullo<\/figcaption>                <\/div><!-- hero__wrapper -->\n                \n              <\/div><!-- container -->\n            <\/div><!-- slide -->\n          \n        <\/div><!-- swiper-wrapper -->\n      <\/div><!-- swiper-container -->\n    \n  <\/section>\n  \n\n\n\n\n  <section class=\"section image-text-row \">\n    <div class=\"container\">\n              <h2 class=\"\">Ascoltiamo la voce del fiume<\/h2>\n      \n      <div class=\"image-text-row__rows\">\n\n                  \n            <div class=\"image-text-row__row container-double container-double--50\">\n              <div class=\"image-text-row__side launimation slideBottom bg\">\n                                                      <div class=\"image-text-row__image image--horizontal\">\n                      <img loading=\"lazy\" data-src=\"https:\/\/tagliamento.org\/wp-content\/uploads\/2023\/11\/WWF_Tagliamento_Logo_Color_RGB_image.jpg\" data-srcset=\"https:\/\/tagliamento.org\/wp-content\/uploads\/2023\/11\/WWF_Tagliamento_Logo_Color_RGB_image.jpg 1920w, https:\/\/tagliamento.org\/wp-content\/uploads\/2023\/11\/WWF_Tagliamento_Logo_Color_RGB_image.jpg 1600w, https:\/\/tagliamento.org\/wp-content\/uploads\/2023\/11\/WWF_Tagliamento_Logo_Color_RGB_image.jpg 1366w, https:\/\/tagliamento.org\/wp-content\/uploads\/2023\/11\/WWF_Tagliamento_Logo_Color_RGB_image.jpg 1024w, https:\/\/tagliamento.org\/wp-content\/uploads\/2023\/11\/WWF_Tagliamento_Logo_Color_RGB_image-703x432.jpg 768w, https:\/\/tagliamento.org\/wp-content\/uploads\/2023\/11\/WWF_Tagliamento_Logo_Color_RGB_image-503x309.jpg 550w\" class=\"\" alt=\"\" title=\"\"  width=\"786\"  height=\"483\">                    <\/div>\n                                                <\/div>\n\n              <div class=\"image-text-row__side\">\n                <div class=\"image-text-row__content\">\n                  \n                                      <p class=\"image-text-row__desc launimation slideBottom\">\n                      Questo sito \u00e8 nato per evidenziare i valori del fiume Tagliamento e le loro diverse dimensioni (morfologica, ecologica e sociale). Dare voce al Tagliamento \u00e8 un\u2019opportunit\u00e0 unica: possiamo capire insieme come conservarne l\u2019ecosistema e permettere lo sviluppo delle comunit\u00e0 che li abitano. Questo \u00e8 il primo tentativo di raccogliere le voci della natura e delle comunit\u00e0 su un intero fiume.                    <\/p>\n                                    \n                                  <\/div>\n              <\/div>\n            <\/div><!-- container-double -->\n\n                  \n      <\/div><!-- rows -->\n    <\/div><!-- container -->\n  <\/section>\n\n\n\n\n  <section class=\"section icon-cards bg bg--dark-green\">\n    <div class=\"container\">\n\n      <div class=\"icon-cards__wrapper\">\n        <div class=\"icon-cards__content\">\n                      <h2 class=\"icon-cards__heading launimation slideBottom \">Cosa possiamo fare?<\/h2>\n          \n                      <div class=\"icon-cards__desc launimation slideBottom\">\n              <p>Il Tagliamento offre un\u2019opportunit\u00e0 unica: conservare gli ecosistemi fluviali e permettere lo sviluppo delle comunit\u00e0 che li abitano. Purtroppo il Tagliamento oggi \u00e8 minacciato da azioni che potrebbero alterarlo in modo permanente. Ci sono per\u00f2 soluzioni che potrebbero essere testate proprio sul re dei fiumi alpini!<\/p>\n            <\/div>\n                  <\/div>\n\n                  <div class=\"icon-cards__cards icon-cards__cards--4\">\n                          <div class=\"icon-cards__card launimation slideBottom bg--ash-green\">\n                <a href=\"https:\/\/tagliamento.org\/2023\/10\/30\/the-stewards-of-the-tagliamento\/\" target=\"\">                                      <img loading=\"lazy\" data-src=\"https:\/\/tagliamento.org\/wp-content\/uploads\/2023\/10\/ecology-globe-nature.svg\" data-srcset=\"https:\/\/tagliamento.org\/wp-content\/uploads\/2023\/10\/ecology-globe-nature.svg 1920w, https:\/\/tagliamento.org\/wp-content\/uploads\/2023\/10\/ecology-globe-nature.svg 1600w, https:\/\/tagliamento.org\/wp-content\/uploads\/2023\/10\/ecology-globe-nature.svg 1366w, https:\/\/tagliamento.org\/wp-content\/uploads\/2023\/10\/ecology-globe-nature.svg 1024w, https:\/\/tagliamento.org\/wp-content\/uploads\/2023\/10\/ecology-globe-nature.svg 768w, https:\/\/tagliamento.org\/wp-content\/uploads\/2023\/10\/ecology-globe-nature.svg 550w\" class=\"icon-cards__icon\" alt=\"\" title=\"\"  width=\"1\"  height=\"1\">                  \n                                      <p class=\"icon-cards__text\">Diventa un custode del Tagliamento: iscriviti alla e-community, parlane con la famiglia e gli amici, fallo conoscere!<\/p>\n                                  <\/a>              <\/div>\n                          <div class=\"icon-cards__card launimation slideBottom bg--ash-green\">\n                                                      <img loading=\"lazy\" data-src=\"https:\/\/tagliamento.org\/wp-content\/uploads\/2023\/10\/style-two-pin-book.svg\" data-srcset=\"https:\/\/tagliamento.org\/wp-content\/uploads\/2023\/10\/style-two-pin-book.svg 1920w, https:\/\/tagliamento.org\/wp-content\/uploads\/2023\/10\/style-two-pin-book.svg 1600w, https:\/\/tagliamento.org\/wp-content\/uploads\/2023\/10\/style-two-pin-book.svg 1366w, https:\/\/tagliamento.org\/wp-content\/uploads\/2023\/10\/style-two-pin-book.svg 1024w, https:\/\/tagliamento.org\/wp-content\/uploads\/2023\/10\/style-two-pin-book.svg 768w, https:\/\/tagliamento.org\/wp-content\/uploads\/2023\/10\/style-two-pin-book.svg 550w\" class=\"icon-cards__icon\" alt=\"\" title=\"\"  width=\"1\"  height=\"1\">                  \n                                      <p class=\"icon-cards__text\">Contribuisci alla e-library, condividi la tua conoscenza.<\/p>\n                                                <\/div>\n                          <div class=\"icon-cards__card launimation slideBottom bg--ash-green\">\n                                                      <img loading=\"lazy\" data-src=\"https:\/\/tagliamento.org\/wp-content\/uploads\/2023\/10\/outdoors-barbeque.svg\" data-srcset=\"https:\/\/tagliamento.org\/wp-content\/uploads\/2023\/10\/outdoors-barbeque.svg 1920w, https:\/\/tagliamento.org\/wp-content\/uploads\/2023\/10\/outdoors-barbeque.svg 1600w, https:\/\/tagliamento.org\/wp-content\/uploads\/2023\/10\/outdoors-barbeque.svg 1366w, https:\/\/tagliamento.org\/wp-content\/uploads\/2023\/10\/outdoors-barbeque.svg 1024w, https:\/\/tagliamento.org\/wp-content\/uploads\/2023\/10\/outdoors-barbeque.svg 768w, https:\/\/tagliamento.org\/wp-content\/uploads\/2023\/10\/outdoors-barbeque.svg 550w\" class=\"icon-cards__icon\" alt=\"\" title=\"\"  width=\"1\"  height=\"1\">                  \n                                      <p class=\"icon-cards__text\">Organizza eventi sul fiume, ma in modo rispettoso!<\/p>\n                                                <\/div>\n                          <div class=\"icon-cards__card launimation slideBottom bg--ash-green\">\n                                                      <img loading=\"lazy\" data-src=\"https:\/\/tagliamento.org\/wp-content\/uploads\/2023\/10\/garbage-pollution-water.svg\" data-srcset=\"https:\/\/tagliamento.org\/wp-content\/uploads\/2023\/10\/garbage-pollution-water.svg 1920w, https:\/\/tagliamento.org\/wp-content\/uploads\/2023\/10\/garbage-pollution-water.svg 1600w, https:\/\/tagliamento.org\/wp-content\/uploads\/2023\/10\/garbage-pollution-water.svg 1366w, https:\/\/tagliamento.org\/wp-content\/uploads\/2023\/10\/garbage-pollution-water.svg 1024w, https:\/\/tagliamento.org\/wp-content\/uploads\/2023\/10\/garbage-pollution-water.svg 768w, https:\/\/tagliamento.org\/wp-content\/uploads\/2023\/10\/garbage-pollution-water.svg 550w\" class=\"icon-cards__icon\" alt=\"\" title=\"\"  width=\"1\"  height=\"1\">                  \n                                      <p class=\"icon-cards__text\">Tieni il Tagliamento pulito: aiuta anche tu a ridurre il nostro impatto sull\u2019ecosistema.<\/p>\n                                                <\/div>\n                      <\/div>\n              <\/div><!-- wrapper -->\n\n    <\/div>\n  <\/section>\n\n\n\n\n  <section class=\"section card-slider\">\n    <div class=\"container\">\n\n      <div class=\"slider__top card-slider__top\">\n                  <h2 class=\"slider__top__heading text--caribbean\">Incontra le comunit\u00e0 intorno al Tagliamento<\/h2>\n        \n                  <div class=\"slider__buttons\">\n            <button class=\"slider__button-prev card-slider__button-prev\"><\/button>\n            <button class=\"slider__button-next card-slider__button-next\"><\/button>\n          <\/div>\n              <\/div>\n\n              <div class=\"card-slider__slider\">\n          <div class=\"swiper-wrapper\">\n\n                          <div class=\"card-slider__card bg--caribbean swiper-slide launimation slideBottom\">\n                \n                <a href=\"https:\/\/www.youtube.com\/watch?app=desktop&#038;v=mVcT8t0Di88\" target=\"https:\/\/www.youtube.com\/watch?app=desktop&#038;v=mVcT8t0Di88\">                                  <\/a>              <\/div>\n                          <div class=\"card-slider__card bg--turquoise swiper-slide launimation slideBottom\">\n                                  <div class=\"card-slider__image\">\n                    <img loading=\"lazy\" data-src=\"https:\/\/tagliamento.org\/wp-content\/uploads\/2023\/11\/Untitled.png\" data-srcset=\"https:\/\/tagliamento.org\/wp-content\/uploads\/2023\/11\/Untitled.png 1920w, https:\/\/tagliamento.org\/wp-content\/uploads\/2023\/11\/Untitled.png 1600w, https:\/\/tagliamento.org\/wp-content\/uploads\/2023\/11\/Untitled.png 1366w, https:\/\/tagliamento.org\/wp-content\/uploads\/2023\/11\/Untitled.png 1024w, https:\/\/tagliamento.org\/wp-content\/uploads\/2023\/11\/Untitled.png 768w, https:\/\/tagliamento.org\/wp-content\/uploads\/2023\/11\/Untitled.png 550w\" class=\"\" alt=\"\" title=\"\"  width=\"274\"  height=\"184\">                  <\/div>\n                \n                <a href=\"http:\/\/Legambiente%20Friuli%20Venezia%20Giulia%20https:\/\/legambientefvg.it\/\" target=\"http:\/\/Legambiente%20Friuli%20Venezia%20Giulia%20https:\/\/legambientefvg.it\/\">                                  <\/a>              <\/div>\n                          <div class=\"card-slider__card bg--ash-green swiper-slide launimation slideBottom\">\n                \n                <a href=\"https:\/\/www.youtube.com\/watch?v=nUQLFTtFFgg\" target=\"https:\/\/www.youtube.com\/watch?v=nUQLFTtFFgg\">                                  <\/a>              <\/div>\n                          <div class=\"card-slider__card bg--caribbean swiper-slide launimation slideBottom\">\n                \n                <a href=\"https:\/\/www.pitars.it\/\" target=\"https:\/\/www.pitars.it\/\">                                  <\/a>              <\/div>\n                          <div class=\"card-slider__card bg--dark-green swiper-slide launimation slideBottom\">\n                \n                <a href=\"https:\/\/www.ferrin.it\/\" target=\"https:\/\/www.ferrin.it\/\">                                  <\/a>              <\/div>\n                          <div class=\"card-slider__card bg--turquoise swiper-slide launimation slideBottom\">\n                \n                <a href=\"https:\/\/www.youtube.com\/watch?v=ZFGyk6Ta_2Y&#038;t=14s\" target=\"https:\/\/www.youtube.com\/watch?v=ZFGyk6Ta_2Y&#038;t=14s\">                                  <\/a>              <\/div>\n            \n          <\/div><!-- swiper-wrapper -->\n        <\/div><!-- swiper-slider -->\n      \n      \n    <\/div>\n  <\/section>\n\n\n\n\n  <section class=\"section cta\">\n    <div class=\"container container--medium\">\n\n      <div class=\"cta__wrapper bg bg--dark-green\">\n        <div class=\"cta__content\">\n                      <h2 class=\"cta__heading h3 launimation slideBottom\">Per saperne di pi\u00f9 e contribuire all&#039;e-library<\/h2>\n          \n                      <p class=\"cta__desc launimation slideBottom\">Questa biblioteca \u00e8 pensata per condividere il sapere formale e informale sul fiume, ma anche una raccolta di informazioni per trovare la via.<\/p>\n          \n                      <a href=\"https:\/\/tagliamento.org\/imprint\/\"  class=\"cta__button button button--arrow launimation slideBottom\" >\n              Come cambiare            <\/a>\n                  <\/div><!-- content -->\n      <\/div><!-- wrapper -->\n\n    <\/div>\n  <\/section>\n\n","protected":false},"excerpt":{"rendered":"","protected":false},"author":4,"featured_media":0,"parent":0,"menu_order":0,"comment_status":"closed","ping_status":"closed","template":"","meta":{"_acf_changed":false,"footnotes":""},"class_list":["post-2249","page","type-page","status-publish","hentry"],"acf":[],"yoast_head":"<!-- This site is optimized with the Yoast SEO plugin v27.4 - https:\/\/yoast.com\/product\/yoast-seo-wordpress\/ -->\n<title>Agire - WWF Tagliamento<\/title>\n<meta name=\"robots\" content=\"index, follow, max-snippet:-1, max-image-preview:large, max-video-preview:-1\" \/>\n<link rel=\"canonical\" href=\"https:\/\/tagliamento.org\/it\/agire-2\/\" \/>\n<meta property=\"og:locale\" content=\"it_IT\" \/>\n<meta property=\"og:type\" content=\"article\" \/>\n<meta property=\"og:title\" content=\"Agire - WWF Tagliamento\" \/>\n<meta property=\"og:url\" content=\"https:\/\/tagliamento.org\/it\/agire-2\/\" \/>\n<meta property=\"og:site_name\" content=\"WWF Tagliamento\" \/>\n<meta property=\"og:image\" content=\"https:\/\/tagliamento.org\/wp-content\/uploads\/2025\/01\/Bildschirmfoto-2025-01-10-um-21.19.58.png\" \/>\n\t<meta property=\"og:image:width\" content=\"1241\" \/>\n\t<meta property=\"og:image:height\" content=\"641\" \/>\n\t<meta property=\"og:image:type\" content=\"image\/png\" \/>\n<meta name=\"twitter:card\" content=\"summary_large_image\" \/>\n<meta name=\"twitter:label1\" content=\"Tempo di lettura stimato\" \/>\n\t<meta name=\"twitter:data1\" content=\"3 minuti\" \/>\n<script type=\"application\/ld+json\" class=\"yoast-schema-graph\">{\"@context\":\"https:\\\/\\\/schema.org\",\"@graph\":[{\"@type\":\"WebPage\",\"@id\":\"https:\\\/\\\/tagliamento.org\\\/it\\\/agire-2\\\/\",\"url\":\"https:\\\/\\\/tagliamento.org\\\/it\\\/agire-2\\\/\",\"name\":\"Agire - WWF Tagliamento\",\"isPartOf\":{\"@id\":\"https:\\\/\\\/tagliamento.org\\\/it\\\/#website\"},\"datePublished\":\"2025-08-25T15:52:40+00:00\",\"breadcrumb\":{\"@id\":\"https:\\\/\\\/tagliamento.org\\\/it\\\/agire-2\\\/#breadcrumb\"},\"inLanguage\":\"it-IT\",\"potentialAction\":[{\"@type\":\"ReadAction\",\"target\":[\"https:\\\/\\\/tagliamento.org\\\/it\\\/agire-2\\\/\"]}]},{\"@type\":\"BreadcrumbList\",\"@id\":\"https:\\\/\\\/tagliamento.org\\\/it\\\/agire-2\\\/#breadcrumb\",\"itemListElement\":[{\"@type\":\"ListItem\",\"position\":1,\"name\":\"Home\",\"item\":\"https:\\\/\\\/tagliamento.org\\\/it\\\/\"},{\"@type\":\"ListItem\",\"position\":2,\"name\":\"Agire\"}]},{\"@type\":\"WebSite\",\"@id\":\"https:\\\/\\\/tagliamento.org\\\/it\\\/#website\",\"url\":\"https:\\\/\\\/tagliamento.org\\\/it\\\/\",\"name\":\"WWF Tagliamento\",\"description\":\"\",\"potentialAction\":[{\"@type\":\"SearchAction\",\"target\":{\"@type\":\"EntryPoint\",\"urlTemplate\":\"https:\\\/\\\/tagliamento.org\\\/it\\\/?s={search_term_string}\"},\"query-input\":{\"@type\":\"PropertyValueSpecification\",\"valueRequired\":true,\"valueName\":\"search_term_string\"}}],\"inLanguage\":\"it-IT\"}]}<\/script>\n<!-- \/ Yoast SEO plugin. -->","yoast_head_json":{"title":"Agire - WWF Tagliamento","robots":{"index":"index","follow":"follow","max-snippet":"max-snippet:-1","max-image-preview":"max-image-preview:large","max-video-preview":"max-video-preview:-1"},"canonical":"https:\/\/tagliamento.org\/it\/agire-2\/","og_locale":"it_IT","og_type":"article","og_title":"Agire - WWF Tagliamento","og_url":"https:\/\/tagliamento.org\/it\/agire-2\/","og_site_name":"WWF Tagliamento","og_image":[{"width":1241,"height":641,"url":"https:\/\/tagliamento.org\/wp-content\/uploads\/2025\/01\/Bildschirmfoto-2025-01-10-um-21.19.58.png","type":"image\/png"}],"twitter_card":"summary_large_image","twitter_misc":{"Tempo di lettura stimato":"3 minuti"},"schema":{"@context":"https:\/\/schema.org","@graph":[{"@type":"WebPage","@id":"https:\/\/tagliamento.org\/it\/agire-2\/","url":"https:\/\/tagliamento.org\/it\/agire-2\/","name":"Agire - WWF Tagliamento","isPartOf":{"@id":"https:\/\/tagliamento.org\/it\/#website"},"datePublished":"2025-08-25T15:52:40+00:00","breadcrumb":{"@id":"https:\/\/tagliamento.org\/it\/agire-2\/#breadcrumb"},"inLanguage":"it-IT","potentialAction":[{"@type":"ReadAction","target":["https:\/\/tagliamento.org\/it\/agire-2\/"]}]},{"@type":"BreadcrumbList","@id":"https:\/\/tagliamento.org\/it\/agire-2\/#breadcrumb","itemListElement":[{"@type":"ListItem","position":1,"name":"Home","item":"https:\/\/tagliamento.org\/it\/"},{"@type":"ListItem","position":2,"name":"Agire"}]},{"@type":"WebSite","@id":"https:\/\/tagliamento.org\/it\/#website","url":"https:\/\/tagliamento.org\/it\/","name":"WWF Tagliamento","description":"","potentialAction":[{"@type":"SearchAction","target":{"@type":"EntryPoint","urlTemplate":"https:\/\/tagliamento.org\/it\/?s={search_term_string}"},"query-input":{"@type":"PropertyValueSpecification","valueRequired":true,"valueName":"search_term_string"}}],"inLanguage":"it-IT"}]}},"_links":{"self":[{"href":"https:\/\/tagliamento.org\/it\/wp-json\/wp\/v2\/pages\/2249","targetHints":{"allow":["GET"]}}],"collection":[{"href":"https:\/\/tagliamento.org\/it\/wp-json\/wp\/v2\/pages"}],"about":[{"href":"https:\/\/tagliamento.org\/it\/wp-json\/wp\/v2\/types\/page"}],"author":[{"embeddable":true,"href":"https:\/\/tagliamento.org\/it\/wp-json\/wp\/v2\/users\/4"}],"replies":[{"embeddable":true,"href":"https:\/\/tagliamento.org\/it\/wp-json\/wp\/v2\/comments?post=2249"}],"version-history":[{"count":2,"href":"https:\/\/tagliamento.org\/it\/wp-json\/wp\/v2\/pages\/2249\/revisions"}],"predecessor-version":[{"id":3318,"href":"https:\/\/tagliamento.org\/it\/wp-json\/wp\/v2\/pages\/2249\/revisions\/3318"}],"wp:attachment":[{"href":"https:\/\/tagliamento.org\/it\/wp-json\/wp\/v2\/media?parent=2249"}],"curies":[{"name":"wp","href":"https:\/\/api.w.org\/{rel}","templated":true}]}}